{"id":356,"date":"2021-03-09T10:16:00","date_gmt":"2021-03-09T09:16:00","guid":{"rendered":"https:\/\/chengab-translation.com\/mentions-legales\/"},"modified":"2021-03-09T11:14:51","modified_gmt":"2021-03-09T10:14:51","slug":"mentions-legales","status":"publish","type":"page","link":"https:\/\/chengab-translation.com\/fr\/mentions-legales\/","title":{"rendered":"Mentions l\u00e9gales"},"content":{"rendered":"<p>[et_pb_section fb_built=\u00a0\u00bb1&Prime; _builder_version=\u00a0\u00bb4.9.1&Prime; _module_preset=\u00a0\u00bbdefault\u00a0\u00bb][et_pb_row _builder_version=\u00a0\u00bb4.9.1&Prime; _module_preset=\u00a0\u00bbdefault\u00a0\u00bb][et_pb_column type=\u00a0\u00bb4_4&Prime; _builder_version=\u00a0\u00bb4.9.1&Prime; _module_preset=\u00a0\u00bbdefault\u00a0\u00bb][et_pb_text _builder_version=\u00a0\u00bb4.9.1&Prime; _module_preset=\u00a0\u00bbdefault\u00a0\u00bb header_text_align=\u00a0\u00bbcenter\u00a0\u00bb background_color=\u00a0\u00bbrgba(255,255,255,0.8)\u00a0\u00bb max_width=\u00a0\u00bb600px\u00a0\u00bb module_alignment=\u00a0\u00bbcenter\u00a0\u00bb custom_padding=\u00a0\u00bb30px|20px|20px|20px|false|true\u00a0\u00bb header_text_align_tablet=\u00a0\u00bb\u00a0\u00bb header_text_align_phone=\u00a0\u00bb\u00a0\u00bb header_text_align_last_edited=\u00a0\u00bbon|phone\u00a0\u00bb]<\/p>\n<h1>Mentions l\u00e9gales\u00a0:<\/h1>\n<p>[\/et_pb_text][dsm_icon_divider use_icon=\u00a0\u00bbon\u00a0\u00bb font_icon=\u00a0\u00bb%%178%%\u00a0\u00bb use_icon_font_size=\u00a0\u00bbon\u00a0\u00bb icon_font_size=\u00a0\u00bb28px\u00a0\u00bb _builder_version=\u00a0\u00bb4.9.1&Prime; _module_preset=\u00a0\u00bbdefault\u00a0\u00bb][\/dsm_icon_divider][et_pb_text _builder_version=\u00a0\u00bb4.9.1&Prime; _module_preset=\u00a0\u00bbdefault\u00a0\u00bb hover_enabled=\u00a0\u00bb0&Prime; sticky_enabled=\u00a0\u00bb0&Prime;]<\/p>\n<h3>Birgit Chengab<\/h3>\n<p><strong>Glashuetter Kirchenweg<\/strong>\u00a0<strong>29<br \/>22851 Norderstedt<\/strong><br \/><strong>Allemagne <\/strong><\/p>\n<p><strong>T\u00e9l.: +49 40 320 49 949<\/strong><br \/><strong>Portable: +49 172 61 56 813<\/strong><br \/><strong>E-mail: <a href=\"mailto:mail@chengab-translation.com,\">mail@chengab-translation.com,<\/a>\u00a0<a href=\"mailto:IntradUebersetzungen@t-online.de\">IntradUebersetzungen@t-online.de<\/a>\u00a0<\/strong><\/p>\n<p>N\u00b0 d\u2019identification intracommunautaire\u00a0: DE 812 918 129 (<i>valable pour l\u2019\u00e9tranger<\/i>)<\/p>\n<ul>\n<li>Asserment\u00e9e aupr\u00e8s du Tribunal de Grande Instance de Francfort\/M., RFA, pour la langue fran\u00e7aise.<\/li>\n<li>Asserment\u00e9e aupr\u00e8s de la Cour d\u2019Appel de Schleswig, RFA, pour la langue anglaise.<\/li>\n<\/ul>\n<p>R\u00e9alisation du site web et support technique: <a href=\"https:\/\/mrsdivi.com\" target=\"_blank\" rel=\"noopener\">Tanya Quintieri | Mrs. Divi<\/a><\/p>\n<p>Cr\u00e9dits photos<\/p>\n<p>\u00a9 Marco2811: Cour europ\u00e9enne #118839748 &#8211; Fotolia<\/p>\n<p>[\/et_pb_text][\/et_pb_column][\/et_pb_row][\/et_pb_section]<\/p>\n","protected":false},"excerpt":{"rendered":"<p>Mentions l\u00e9gales\u00a0:<div class=\"et_pb_module dsm_icon_divider dsm_icon_divider_0\">\n\t\t\t\t\n\t\t\t\t\n\t\t\t\t\n\t\t\t\t\n\t\t\t\t\n\t\t\t\t\n\t\t\t\t<div class=\"et_pb_module_inner\">\n\t\t\t\t\t<div class=\"dsm-icon-divider-wrapper dsm-icon-divider-align-center\">\n\t\t\t\t\n\t\t\t\t\n\t\t\t\t<div class=\"dsm-icon-divider-before dsm-divider\"><\/div>\n\t\t\t\t<div class=\"dsm-icon-divider-image\"><span class=\"dsm-icon-divider-image-wrap\"><span class=\"et-pb-icon\" style=\"color: #820000;\">&#xe03a;<\/span><\/span><\/div>\n\t\t\t\t<div class=\"dsm-icon-divider-after dsm-divider\"><\/div>\n\t\t\t<\/div>\n\t\t\t\t<\/div>\n\t\t\t<\/div>Birgit Chengab Glashuetter Kirchenweg\u00a02922851 NorderstedtAllemagne T\u00e9l.: +49 40 320 49 949Portable: +49 172 61 56 813E-mail: mail@chengab-translation.com,\u00a0IntradUebersetzungen@t-online.de\u00a0 N\u00b0 d\u2019identification intracommunautaire\u00a0: DE 812 918 129 (valable pour l\u2019\u00e9tranger) Asserment\u00e9e aupr\u00e8s du Tribunal de Grande Instance de Francfort\/M., RFA, pour la langue fran\u00e7aise. Asserment\u00e9e aupr\u00e8s de la Cour d\u2019Appel de Schleswig, RFA, pour la langue anglaise. R\u00e9alisation du site web et support technique: Tanya Quintieri | Mrs. Divi Cr\u00e9dits photos \u00a9 Marco2811: Cour europ\u00e9enne #118839748 &#8211; Fotolia<\/p>\n","protected":false},"author":2,"featured_media":0,"parent":0,"menu_order":100,"comment_status":"closed","ping_status":"closed","template":"","meta":{"_seopress_robots_primary_cat":"","_seopress_titles_title":"","_seopress_titles_desc":"","_seopress_robots_index":"","_et_pb_use_builder":"on","_et_pb_old_content":"","_et_gb_content_width":"","footnotes":""},"class_list":["post-356","page","type-page","status-publish","hentry"],"_links":{"self":[{"href":"https:\/\/chengab-translation.com\/fr\/wp-json\/wp\/v2\/pages\/356","targetHints":{"allow":["GET"]}}],"collection":[{"href":"https:\/\/chengab-translation.com\/fr\/wp-json\/wp\/v2\/pages"}],"about":[{"href":"https:\/\/chengab-translation.com\/fr\/wp-json\/wp\/v2\/types\/page"}],"author":[{"embeddable":true,"href":"https:\/\/chengab-translation.com\/fr\/wp-json\/wp\/v2\/users\/2"}],"replies":[{"embeddable":true,"href":"https:\/\/chengab-translation.com\/fr\/wp-json\/wp\/v2\/comments?post=356"}],"version-history":[{"count":4,"href":"https:\/\/chengab-translation.com\/fr\/wp-json\/wp\/v2\/pages\/356\/revisions"}],"predecessor-version":[{"id":363,"href":"https:\/\/chengab-translation.com\/fr\/wp-json\/wp\/v2\/pages\/356\/revisions\/363"}],"wp:attachment":[{"href":"https:\/\/chengab-translation.com\/fr\/wp-json\/wp\/v2\/media?parent=356"}],"curies":[{"name":"wp","href":"https:\/\/api.w.org\/{rel}","templated":true}]}}